{"id":5229,"date":"2025-02-27T23:23:21","date_gmt":"2025-02-28T02:23:21","guid":{"rendered":"https:\/\/seoferte.com.br\/blog\/?post_type=product&#038;p=5229"},"modified":"2025-02-27T23:24:10","modified_gmt":"2025-02-28T02:24:10","slug":"kit-6-melao-sao-caetano-60-capsulas-500mg-100-natural","status":"publish","type":"product","link":"https:\/\/seoferte.com.br\/blog\/produto\/kit-6-melao-sao-caetano-60-capsulas-500mg-100-natural\/","title":{"rendered":"Kit 6 Mel\u00e3o S\u00e3o Caetano 60 C\u00e1psulas 500mg 100% Natural"},"content":{"rendered":"<p style=\"text-align: right;\"><strong>O mel\u00e3o \u00e9 uma fruta rica em \u00e1gua, vitaminas, minerais e antioxidantes, que pode ajudar a hidratar, fortalecer o sistema imunol\u00f3gico e prevenir doen\u00e7as.<\/strong><\/p>\n<p><strong>Hidrata\u00e7\u00e3o\u00a0<\/strong><\/p>\n<p>O mel\u00e3o \u00e9 composto por cerca de 90% de \u00e1gua<\/p>\n<p>Ajuda a hidratar o corpo, especialmente ap\u00f3s treinos ou durante doen\u00e7as<\/p>\n<p>Fortalecimento do sistema imunol\u00f3gico<\/p>\n<p>Os antioxidantes presentes no mel\u00e3o ajudam a proteger o organismo contra doen\u00e7as<\/p>\n<p>A casca e as sementes do mel\u00e3o s\u00e3o ricas em flavonoides e compostos fen\u00f3licos, que podem atuar como antioxidantes<\/p>\n<p><strong>Preven\u00e7\u00e3o de doen\u00e7as\u00a0<\/strong><\/p>\n<p>Pode ajudar a prevenir certos tipos de c\u00e2ncer, como de c\u00f3lon e pr\u00f3stata<\/p>\n<p>Pode ajudar a combater os sintomas da asma, como tosse e rouquid\u00e3o<\/p>\n<p>Pode ajudar a prevenir a insufici\u00eancia renal<\/p>\n<p>Pode ajudar a eliminar c\u00e1lculos renais<\/p>\n<p><strong>Outros benef\u00edcios\u00a0<\/strong><\/p>\n<p>Pode ajudar a melhorar a artrite e gota<\/p>\n<p>Pode ajudar a aliviar a hipertens\u00e3o<\/p>\n<p>Pode ajudar a amenizar os sintomas da TPM e menopausa<\/p>\n<p>Pode ajudar a perder peso<\/p>\n<p>Pode ajudar a melhorar a apar\u00eancia da pele<\/p>\n<p>Pode ajudar a fortalecer os ossos<\/p>\n<p>O mel\u00e3o \u00e9 um alimento seguro para a maioria das pessoas, mas em excesso pode causar desconfortos digestivos. Pessoas com diabetes devem consumir com modera\u00e7\u00e3o.<\/p>\n","protected":false},"excerpt":{"rendered":"<p>O mel\u00e3o \u00e9 uma fruta rica em \u00e1gua, vitaminas, minerais e antioxidantes, que pode ajudar a hidratar, fortalecer o sistema imunol\u00f3gico e prevenir doen\u00e7as. Hidrata\u00e7\u00e3o\u00a0 O mel\u00e3o \u00e9 composto por cerca de 90% de \u00e1gua Ajuda a hidratar o corpo, especialmente ap\u00f3s treinos ou durante doen\u00e7as Fortalecimento do sistema imunol\u00f3gico Os antioxidantes presentes no mel\u00e3o [&hellip;]<\/p>\n","protected":false},"featured_media":5232,"comment_status":"open","ping_status":"closed","template":"","meta":{"_seopress_robots_primary_cat":"none","_seopress_titles_title":"Mel\u00e3o","_seopress_titles_desc":"","_seopress_robots_index":"","site-sidebar-layout":"default","site-content-layout":"","ast-site-content-layout":"default","site-content-style":"default","site-sidebar-style":"default","ast-global-header-display":"","ast-banner-title-visibility":"","ast-main-header-display":"","ast-hfb-above-header-display":"","ast-hfb-below-header-display":"","ast-hfb-mobile-header-display":"","site-post-title":"","ast-breadcrumbs-content":"","ast-featured-img":"","footer-sml-layout":"","theme-transparent-header-meta":"default","adv-header-id-meta":"","stick-header-meta":"","header-above-stick-meta":"","header-main-stick-meta":"","header-below-stick-meta":"","astra-migrate-meta-layouts":"set","ast-page-background-enabled":"default","ast-page-background-meta":{"desktop":{"background-color":"","background-image":"","background-repeat":"repeat","background-position":"center center","background-size":"auto","background-attachment":"scroll","background-type":"","background-media":"","overlay-type":"","overlay-color":"","overlay-opacity":"","overlay-gradient":""},"tablet":{"background-color":"","background-image":"","background-repeat":"repeat","background-position":"center center","background-size":"auto","background-attachment":"scroll","background-type":"","background-media":"","overlay-type":"","overlay-color":"","overlay-opacity":"","overlay-gradient":""},"mobile":{"background-color":"","background-image":"","background-repeat":"repeat","background-position":"center center","background-size":"auto","background-attachment":"scroll","background-type":"","background-media":"","overlay-type":"","overlay-color":"","overlay-opacity":"","overlay-gradient":""}},"ast-content-background-meta":{"desktop":{"background-color":"var(--ast-global-color-5)","background-image":"","background-repeat":"repeat","background-position":"center center","background-size":"auto","background-attachment":"scroll","background-type":"","background-media":"","overlay-type":"","overlay-color":"","overlay-opacity":"","overlay-gradient":""},"tablet":{"background-color":"var(--ast-global-color-5)","background-image":"","background-repeat":"repeat","background-position":"center center","background-size":"auto","background-attachment":"scroll","background-type":"","background-media":"","overlay-type":"","overlay-color":"","overlay-opacity":"","overlay-gradient":""},"mobile":{"background-color":"var(--ast-global-color-5)","background-image":"","background-repeat":"repeat","background-position":"center center","background-size":"auto","background-attachment":"scroll","background-type":"","background-media":"","overlay-type":"","overlay-color":"","overlay-opacity":"","overlay-gradient":""}}},"product_brand":[49],"product_cat":[48],"product_tag":[51,50,52],"class_list":{"0":"post-5229","1":"product","2":"type-product","3":"status-publish","4":"has-post-thumbnail","6":"product_brand-saude-da-terra","7":"product_cat-produtos-naturais-encapsulado","8":"product_tag-cuidado-da-saude","9":"product_tag-melao-sao-caetano","10":"product_tag-repositor-de-liquido","11":"desktop-align-left","12":"tablet-align-left","13":"mobile-align-left","15":"first","16":"instock","17":"sale","18":"shipping-taxable","19":"purchasable","20":"product-type-simple"},"_links":{"self":[{"href":"https:\/\/seoferte.com.br\/blog\/wp-json\/wp\/v2\/product\/5229","targetHints":{"allow":["GET"]}}],"collection":[{"href":"https:\/\/seoferte.com.br\/blog\/wp-json\/wp\/v2\/product"}],"about":[{"href":"https:\/\/seoferte.com.br\/blog\/wp-json\/wp\/v2\/types\/product"}],"replies":[{"embeddable":true,"href":"https:\/\/seoferte.com.br\/blog\/wp-json\/wp\/v2\/comments?post=5229"}],"wp:featuredmedia":[{"embeddable":true,"href":"https:\/\/seoferte.com.br\/blog\/wp-json\/wp\/v2\/media\/5232"}],"wp:attachment":[{"href":"https:\/\/seoferte.com.br\/blog\/wp-json\/wp\/v2\/media?parent=5229"}],"wp:term":[{"taxonomy":"product_brand","embeddable":true,"href":"https:\/\/seoferte.com.br\/blog\/wp-json\/wp\/v2\/product_brand?post=5229"},{"taxonomy":"product_cat","embeddable":true,"href":"https:\/\/seoferte.com.br\/blog\/wp-json\/wp\/v2\/product_cat?post=5229"},{"taxonomy":"product_tag","embeddable":true,"href":"https:\/\/seoferte.com.br\/blog\/wp-json\/wp\/v2\/product_tag?post=5229"}],"curies":[{"name":"wp","href":"https:\/\/api.w.org\/{rel}","templated":true}]}}